{"id":366,"date":"2023-02-11T16:12:46","date_gmt":"2023-02-11T15:12:46","guid":{"rendered":"https:\/\/agencej.com\/?page_id=366"},"modified":"2023-02-23T13:02:53","modified_gmt":"2023-02-23T12:02:53","slug":"mentions-legales","status":"publish","type":"page","link":"https:\/\/agencej.com\/en\/mentions-legales\/","title":{"rendered":"Legal notice"},"content":{"rendered":"<style>.kb-row-layout-id_ee84ef-ff > .kt-row-column-wrap{align-content:start;}:where(.kb-row-layout-id_ee84ef-ff > .kt-row-column-wrap) > .wp-block-kadence-column{justify-content:start;}.kb-row-layout-id_ee84ef-ff > .kt-row-column-wrap{column-gap:var(--global-kb-gap-md, 2rem);row-gap:var(--global-kb-gap-md, 2rem);padding-top:var(--global-kb-spacing-sm, 1.5rem);padding-bottom:var(--global-kb-spacing-sm, 1.5rem);grid-template-columns:minmax(0, 1fr);}.kb-row-layout-id_ee84ef-ff > .kt-row-layout-overlay{opacity:0.30;}@media all and (max-width: 1024px){.kb-row-layout-id_ee84ef-ff > .kt-row-column-wrap{grid-template-columns:minmax(0, 1fr);}}@media all and (max-width: 767px){.kb-row-layout-id_ee84ef-ff > .kt-row-column-wrap{grid-template-columns:minmax(0, 1fr);}}<\/style><div class=\"kb-row-layout-wrap kb-row-layout-id_ee84ef-ff alignnone wp-block-kadence-rowlayout\"><div class=\"kt-row-column-wrap kt-has-1-columns kt-row-layout-equal kt-tab-layout-inherit kt-mobile-layout-row kt-row-valign-top\">\n<style>.kadence-column_bea275-ed > .kt-inside-inner-col,.kadence-column_bea275-ed > .kt-inside-inner-col:before{border-top-left-radius:0px;border-top-right-radius:0px;border-bottom-right-radius:0px;border-bottom-left-radius:0px;}.kadence-column_bea275-ed > .kt-inside-inner-col{column-gap:var(--global-kb-gap-sm, 1rem);}.kadence-column_bea275-ed > .kt-inside-inner-col{flex-direction:column;}.kadence-column_bea275-ed > .kt-inside-inner-col > .aligncenter{width:100%;}.kadence-column_bea275-ed > .kt-inside-inner-col:before{opacity:0.3;}.kadence-column_bea275-ed{position:relative;}@media all and (max-width: 1024px){.kadence-column_bea275-ed > .kt-inside-inner-col{flex-direction:column;justify-content:center;}}@media all and (max-width: 767px){.kadence-column_bea275-ed > .kt-inside-inner-col{flex-direction:column;justify-content:center;}}<\/style>\n<div class=\"wp-block-kadence-column kadence-column_bea275-ed inner-column-1\"><div class=\"kt-inside-inner-col\"><style>.wp-block-kadence-advancedheading.kt-adv-heading_9f429a-20, .wp-block-kadence-advancedheading.kt-adv-heading_9f429a-20[data-kb-block=\"kb-adv-heading_9f429a-20\"]{text-align:center;font-size:50px;font-style:normal;letter-spacing:8px;}.wp-block-kadence-advancedheading.kt-adv-heading_9f429a-20 mark.kt-highlight, .wp-block-kadence-advancedheading.kt-adv-heading_9f429a-20[data-kb-block=\"kb-adv-heading_9f429a-20\"] mark.kt-highlight{font-style:normal;color:#f76a0c;-webkit-box-decoration-break:clone;box-decoration-break:clone;padding-top:0px;padding-right:0px;padding-bottom:0px;padding-left:0px;}.wp-block-kadence-advancedheading.kt-adv-heading_9f429a-20 img.kb-inline-image, .wp-block-kadence-advancedheading.kt-adv-heading_9f429a-20[data-kb-block=\"kb-adv-heading_9f429a-20\"] img.kb-inline-image{width:150px;vertical-align:baseline;}@media all and (max-width: 767px){.wp-block-kadence-advancedheading.kt-adv-heading_9f429a-20, .wp-block-kadence-advancedheading.kt-adv-heading_9f429a-20[data-kb-block=\"kb-adv-heading_9f429a-20\"]{font-size:35px;}}<\/style>\n<h2 class=\"kt-adv-heading_9f429a-20 wp-block-kadence-advancedheading\" data-kb-block=\"kb-adv-heading_9f429a-20\">LEGAL NOTICE<\/h2>\n<\/div><\/div>\n\n<\/div><\/div>\n\n<style>.kb-row-layout-id_0a99c7-c7 > .kt-row-column-wrap{align-content:start;}:where(.kb-row-layout-id_0a99c7-c7 > .kt-row-column-wrap) > .wp-block-kadence-column{justify-content:start;}.kb-row-layout-id_0a99c7-c7 > .kt-row-column-wrap{column-gap:var(--global-kb-gap-md, 2rem);row-gap:var(--global-kb-gap-md, 2rem);max-width:var( --global-content-width, 1290px );padding-left:var(--global-content-edge-padding);padding-right:var(--global-content-edge-padding);padding-top:var(--global-kb-spacing-sm, 1.5rem);padding-bottom:var(--global-kb-spacing-sm, 1.5rem);grid-template-columns:minmax(0, 1fr);}.kb-row-layout-id_0a99c7-c7 > .kt-row-layout-overlay{opacity:0.30;}@media all and (max-width: 1024px){.kb-row-layout-id_0a99c7-c7 > .kt-row-column-wrap{grid-template-columns:minmax(0, 1fr);}}@media all and (max-width: 767px){.kb-row-layout-id_0a99c7-c7 > .kt-row-column-wrap{grid-template-columns:minmax(0, 1fr);}}<\/style><div class=\"kb-row-layout-wrap kb-row-layout-id_0a99c7-c7 alignnone wp-block-kadence-rowlayout\"><div class=\"kt-row-column-wrap kt-has-1-columns kt-row-layout-equal kt-tab-layout-inherit kt-mobile-layout-row kt-row-valign-top kb-theme-content-width\">\n<style>.kadence-column_6bea5a-d5 > .kt-inside-inner-col,.kadence-column_6bea5a-d5 > .kt-inside-inner-col:before{border-top-left-radius:0px;border-top-right-radius:0px;border-bottom-right-radius:0px;border-bottom-left-radius:0px;}.kadence-column_6bea5a-d5 > .kt-inside-inner-col{column-gap:var(--global-kb-gap-sm, 1rem);}.kadence-column_6bea5a-d5 > .kt-inside-inner-col{flex-direction:column;}.kadence-column_6bea5a-d5 > .kt-inside-inner-col > .aligncenter{width:100%;}.kadence-column_6bea5a-d5 > .kt-inside-inner-col:before{opacity:0.3;}.kadence-column_6bea5a-d5{position:relative;}@media all and (max-width: 1024px){.kadence-column_6bea5a-d5 > .kt-inside-inner-col{flex-direction:column;justify-content:center;}}@media all and (max-width: 767px){.kadence-column_6bea5a-d5 > .kt-inside-inner-col{flex-direction:column;justify-content:center;}}<\/style>\n<div class=\"wp-block-kadence-column kadence-column_6bea5a-d5 inner-column-1\"><div class=\"kt-inside-inner-col\">\n<p><strong>Legal notice<\/strong><\/p>\n\n\n\n<p>Taking place from 11.02.2023<\/p>\n\n\n\n<p class=\" translation-block\">In accordance with the provisions of Articles 6-III and 19 of Law No. 2004-575 of June 21, 2004, known as the L.C.E.N. (Law for Confidence in the Digital Economy), users and visitors, hereinafter referred to as the \"User\", of the website www.agencej.com, hereinafter referred to as the \"Site\", are hereby informed of these legal notices.<\/p>\n\n\n\n<p>Connecting to and browsing the Site by the User implies full and unreserved acceptance of this legal notice.<\/p>\n\n\n\n<p>The latter are accessible on the Site under the heading \"Legal notice\".<\/p>\n\n\n\n<p><strong>ARTICLE 1 - THE EDITOR<\/strong><\/p>\n\n\n\n<p>L\u2019\u00e9dition du Site est assur\u00e9e par Agence J SARL au capital de 1500 euros, immatricul\u00e9e au Registre du Commerce et des Soci\u00e9t\u00e9s de Annecy sous le num\u00e9ro 947979142 dont le si\u00e8ge social est situ\u00e9 au 6 rue Gabriel Faur\u00e9,&nbsp;<\/p>\n\n\n\n<p>Phone Number 0782403089&nbsp;<\/p>\n\n\n\n<p>Email Adress : justine.ragoucy@gmail.com<\/p>\n\n\n\n<p>VAT number: FR64947979142<\/p>\n\n\n\n<p>Publishing Director : Justine Ragoucy<\/p>\n\n\n\n<p class=\" translation-block\">Here after the \u00a0\u00bb<strong>Editor<\/strong>\u00ab\u00a0.<\/p>\n\n\n\n<p><strong>ARTICLE 2 - THE HOST<\/strong><\/p>\n\n\n\n<p>L&rsquo;h\u00e9bergeur du Site est la soci\u00e9t\u00e9 Hostinger, dont le si\u00e8ge social est situ\u00e9 au OVH SAS &#8211; 2 rue Kellermann &#8211; 59100 Roubaix &#8211; France , avec le num\u00e9ro de t\u00e9l\u00e9phone : 1007 et le mail abuse@ovh.net)<\/p>\n\n\n\n<p><strong>ARTICLE 3 - WEBSITE ACCESS<\/strong><\/p>\n\n\n\n<p>The Website is accessible from anywhere, 7 days a week, 24 hours a day, except in cases of force majeure, scheduled or unscheduled interruptions, which may result from maintenance needs.<\/p>\n\n\n\n<p>In case of modification, interruption or suspension of the Website, the Editor shall not be held responsible.<\/p>\n\n\n\n<p><strong>ARTICLE 4 - DATA COLLECTION<\/strong><\/p>\n\n\n\n<p>The Website ensures the User's collection and processing of personal information in compliance with privacy laws, in accordance with Law No. 78-17 of January 6, 1978, relating to data processing, files, and freedom.&nbsp;<\/p>\n\n\n\n<p>In accordance with the French Data Protection Act (\"Loi Informatique et Libert\u00e9s\") of January 6, 1978, the User has the right to access, modify, delete, and object to their personal data. The User can exercise this right:<\/p>\n\n\n\n<p>- by email to the following address : justine.ragoucy@gmail.com<\/p>\n\n\n\n<p>Any use, reproduction, distribution, commercialization, or modification of all or part of the Website without the Publisher's permission is prohibited and may result in legal action and prosecution, as provided for by the French Intellectual Property Code and Civil Code.<\/p>\n<\/div><\/div>\n\n<\/div><\/div>","protected":false},"excerpt":{"rendered":"<p>MENTION LEGALES Mentions l\u00e9gales En vigueur au 11\/02\/2023 Conform\u00e9ment aux dispositions des Articles 6-III et 19 de la Loi n\u00b02004-575 du 21 juin 2004 pour la Confiance dans l\u2019\u00e9conomie num\u00e9rique, dite L.C.E.N., il est port\u00e9 \u00e0 la connaissance des utilisateurs et visiteurs, ci-apr\u00e8s l\u00a0\u00bbUtilisateur\u00ab\u00a0, du site www.agencej.com , ci-apr\u00e8s le \u00ab\u00a0Site\u00ab\u00a0, les pr\u00e9sentes mentions l\u00e9gales&#8230;.<\/p>","protected":false},"author":1,"featured_media":0,"parent":0,"menu_order":0,"comment_status":"closed","ping_status":"closed","template":"","meta":{"_kadence_starter_templates_imported_post":false,"_kad_post_transparent":"default","_kad_post_title":"hide","_kad_post_layout":"fullwidth","_kad_post_sidebar_id":"","_kad_post_content_style":"unboxed","_kad_post_vertical_padding":"hide","_kad_post_feature":"","_kad_post_feature_position":"","_kad_post_header":false,"_kad_post_footer":false,"footnotes":""},"class_list":["post-366","page","type-page","status-publish","hentry"],"_links":{"self":[{"href":"https:\/\/agencej.com\/en\/wp-json\/wp\/v2\/pages\/366","targetHints":{"allow":["GET"]}}],"collection":[{"href":"https:\/\/agencej.com\/en\/wp-json\/wp\/v2\/pages"}],"about":[{"href":"https:\/\/agencej.com\/en\/wp-json\/wp\/v2\/types\/page"}],"author":[{"embeddable":true,"href":"https:\/\/agencej.com\/en\/wp-json\/wp\/v2\/users\/1"}],"replies":[{"embeddable":true,"href":"https:\/\/agencej.com\/en\/wp-json\/wp\/v2\/comments?post=366"}],"version-history":[{"count":6,"href":"https:\/\/agencej.com\/en\/wp-json\/wp\/v2\/pages\/366\/revisions"}],"predecessor-version":[{"id":475,"href":"https:\/\/agencej.com\/en\/wp-json\/wp\/v2\/pages\/366\/revisions\/475"}],"wp:attachment":[{"href":"https:\/\/agencej.com\/en\/wp-json\/wp\/v2\/media?parent=366"}],"curies":[{"name":"wp","href":"https:\/\/api.w.org\/{rel}","templated":true}]}}