{"id":13,"date":"2023-02-03T13:45:50","date_gmt":"2023-02-03T12:45:50","guid":{"rendered":"https:\/\/agencej.com\/?page_id=13"},"modified":"2023-02-23T13:01:52","modified_gmt":"2023-02-23T12:01:52","slug":"contact","status":"publish","type":"page","link":"https:\/\/agencej.com\/en\/contact\/","title":{"rendered":"Contact"},"content":{"rendered":"<style>.kb-row-layout-id_1ede50-80 > .kt-row-column-wrap{align-content:start;}:where(.kb-row-layout-id_1ede50-80 > .kt-row-column-wrap) > .wp-block-kadence-column{justify-content:start;}.kb-row-layout-id_1ede50-80 > .kt-row-column-wrap{column-gap:var(--global-kb-gap-md, 2rem);row-gap:var(--global-kb-gap-md, 2rem);max-width:var( --global-content-width, 1290px );padding-left:var(--global-content-edge-padding);padding-right:var(--global-content-edge-padding);padding-top:var(--global-kb-spacing-sm, 1.5rem);padding-bottom:var(--global-kb-spacing-sm, 1.5rem);grid-template-columns:minmax(0, 1fr);}.kb-row-layout-id_1ede50-80 > .kt-row-layout-overlay{opacity:0.30;}@media all and (max-width: 1024px){.kb-row-layout-id_1ede50-80 > .kt-row-column-wrap{grid-template-columns:minmax(0, 1fr);}}@media all and (max-width: 767px){.kb-row-layout-id_1ede50-80 > .kt-row-column-wrap{grid-template-columns:minmax(0, 1fr);}}<\/style><div class=\"kb-row-layout-wrap kb-row-layout-id_1ede50-80 alignnone wp-block-kadence-rowlayout\"><div class=\"kt-row-column-wrap kt-has-1-columns kt-row-layout-equal kt-tab-layout-inherit kt-mobile-layout-row kt-row-valign-top kb-theme-content-width\">\n<style>.kadence-column_79a0f6-8f > .kt-inside-inner-col,.kadence-column_79a0f6-8f > .kt-inside-inner-col:before{border-top-left-radius:0px;border-top-right-radius:0px;border-bottom-right-radius:0px;border-bottom-left-radius:0px;}.kadence-column_79a0f6-8f > .kt-inside-inner-col{column-gap:var(--global-kb-gap-sm, 1rem);}.kadence-column_79a0f6-8f > .kt-inside-inner-col{flex-direction:column;}.kadence-column_79a0f6-8f > .kt-inside-inner-col > .aligncenter{width:100%;}.kadence-column_79a0f6-8f > .kt-inside-inner-col:before{opacity:0.3;}.kadence-column_79a0f6-8f{position:relative;}@media all and (max-width: 1024px){.kadence-column_79a0f6-8f > .kt-inside-inner-col{flex-direction:column;justify-content:center;}}@media all and (max-width: 767px){.kadence-column_79a0f6-8f > .kt-inside-inner-col{flex-direction:column;justify-content:center;}}<\/style>\n<div class=\"wp-block-kadence-column kadence-column_79a0f6-8f inner-column-1\"><div class=\"kt-inside-inner-col\"><style>.wp-block-kadence-advancedheading.kt-adv-heading_cb0768-50, .wp-block-kadence-advancedheading.kt-adv-heading_cb0768-50[data-kb-block=\"kb-adv-heading_cb0768-50\"]{text-align:center;font-size:50px;font-style:normal;letter-spacing:8px;}.wp-block-kadence-advancedheading.kt-adv-heading_cb0768-50 mark.kt-highlight, .wp-block-kadence-advancedheading.kt-adv-heading_cb0768-50[data-kb-block=\"kb-adv-heading_cb0768-50\"] mark.kt-highlight{font-style:normal;color:#f76a0c;-webkit-box-decoration-break:clone;box-decoration-break:clone;padding-top:0px;padding-right:0px;padding-bottom:0px;padding-left:0px;}.wp-block-kadence-advancedheading.kt-adv-heading_cb0768-50 img.kb-inline-image, .wp-block-kadence-advancedheading.kt-adv-heading_cb0768-50[data-kb-block=\"kb-adv-heading_cb0768-50\"] img.kb-inline-image{width:150px;vertical-align:baseline;}@media all and (max-width: 767px){.wp-block-kadence-advancedheading.kt-adv-heading_cb0768-50, .wp-block-kadence-advancedheading.kt-adv-heading_cb0768-50[data-kb-block=\"kb-adv-heading_cb0768-50\"]{font-size:32px;}}<\/style>\n<h2 class=\"kt-adv-heading_cb0768-50 wp-block-kadence-advancedheading\" data-kb-block=\"kb-adv-heading_cb0768-50\">CONTACT US ! <\/h2>\n<\/div><\/div>\n\n<\/div><\/div>\n\n<style>.kb-row-layout-id_4841c1-66 > .kt-row-column-wrap{align-content:start;}:where(.kb-row-layout-id_4841c1-66 > .kt-row-column-wrap) > .wp-block-kadence-column{justify-content:start;}.kb-row-layout-id_4841c1-66 > .kt-row-column-wrap{column-gap:var(--global-kb-gap-md, 2rem);row-gap:var(--global-kb-gap-md, 2rem);max-width:var( --global-content-width, 1290px );padding-left:var(--global-content-edge-padding);padding-right:var(--global-content-edge-padding);padding-top:var(--global-kb-spacing-sm, 1.5rem);padding-bottom:var(--global-kb-spacing-sm, 1.5rem);grid-template-columns:minmax(0, 1fr);}.kb-row-layout-id_4841c1-66 > .kt-row-layout-overlay{opacity:0.30;}@media all and (max-width: 1024px){.kb-row-layout-id_4841c1-66 > .kt-row-column-wrap{grid-template-columns:minmax(0, 1fr);}}@media all and (max-width: 767px){.kb-row-layout-id_4841c1-66 > .kt-row-column-wrap{grid-template-columns:minmax(0, 1fr);}}<\/style><div class=\"kb-row-layout-wrap kb-row-layout-id_4841c1-66 alignnone wp-block-kadence-rowlayout\"><div class=\"kt-row-column-wrap kt-has-1-columns kt-row-layout-equal kt-tab-layout-inherit kt-mobile-layout-row kt-row-valign-top kb-theme-content-width\">\n<style>.kadence-column_6061bc-9d > .kt-inside-inner-col,.kadence-column_6061bc-9d > .kt-inside-inner-col:before{border-top-left-radius:0px;border-top-right-radius:0px;border-bottom-right-radius:0px;border-bottom-left-radius:0px;}.kadence-column_6061bc-9d > .kt-inside-inner-col{column-gap:var(--global-kb-gap-sm, 1rem);}.kadence-column_6061bc-9d > .kt-inside-inner-col{flex-direction:column;}.kadence-column_6061bc-9d > .kt-inside-inner-col > .aligncenter{width:100%;}.kadence-column_6061bc-9d > .kt-inside-inner-col:before{opacity:0.3;}.kadence-column_6061bc-9d{position:relative;}@media all and (max-width: 1024px){.kadence-column_6061bc-9d > .kt-inside-inner-col{flex-direction:column;justify-content:center;}}@media all and (max-width: 767px){.kadence-column_6061bc-9d > .kt-inside-inner-col{flex-direction:column;justify-content:center;}}<\/style>\n<div class=\"wp-block-kadence-column kadence-column_6061bc-9d inner-column-1\"><div class=\"kt-inside-inner-col\"><style>.wp-block-kadence-advancedheading.kt-adv-heading_e93a69-8a, .wp-block-kadence-advancedheading.kt-adv-heading_e93a69-8a[data-kb-block=\"kb-adv-heading_e93a69-8a\"]{text-align:center;font-style:normal;}.wp-block-kadence-advancedheading.kt-adv-heading_e93a69-8a mark.kt-highlight, .wp-block-kadence-advancedheading.kt-adv-heading_e93a69-8a[data-kb-block=\"kb-adv-heading_e93a69-8a\"] mark.kt-highlight{font-style:normal;color:#f76a0c;-webkit-box-decoration-break:clone;box-decoration-break:clone;padding-top:0px;padding-right:0px;padding-bottom:0px;padding-left:0px;}.wp-block-kadence-advancedheading.kt-adv-heading_e93a69-8a img.kb-inline-image, .wp-block-kadence-advancedheading.kt-adv-heading_e93a69-8a[data-kb-block=\"kb-adv-heading_e93a69-8a\"] img.kb-inline-image{width:150px;vertical-align:baseline;}<\/style>\n<p class=\"kt-adv-heading_e93a69-8a wp-block-kadence-advancedheading\" data-kb-block=\"kb-adv-heading_e93a69-8a\">Feel free to get in touch with us &amp; tell us all about your needs and your project. We will get back to you as soon as possible to discuss it, by email or over the phone! You can also contact us directly at hello@agencej.com<\/p>\n<\/div><\/div>\n\n<\/div><\/div>\n\n<style>.kb-row-layout-wrap.wp-block-kadence-rowlayout.kb-row-layout-id_a319d0-2d{margin-top:0px;}.kb-row-layout-id_a319d0-2d > .kt-row-column-wrap{align-content:start;}:where(.kb-row-layout-id_a319d0-2d > .kt-row-column-wrap) > .wp-block-kadence-column{justify-content:start;}.kb-row-layout-id_a319d0-2d > .kt-row-column-wrap{column-gap:var(--global-kb-gap-md, 2rem);row-gap:var(--global-kb-gap-md, 2rem);max-width:585px;margin-left:auto;margin-right:auto;padding-top:10px;padding-bottom:10px;grid-template-columns:minmax(0, 1fr);}.kb-row-layout-id_a319d0-2d > .kt-row-layout-overlay{opacity:0.30;}@media all and (max-width: 1024px){.kb-row-layout-id_a319d0-2d > .kt-row-column-wrap{grid-template-columns:minmax(0, 1fr);}}@media all and (max-width: 767px){.kb-row-layout-id_a319d0-2d > .kt-row-column-wrap{grid-template-columns:minmax(0, 1fr);}}<\/style><div class=\"kb-row-layout-wrap kb-row-layout-id_a319d0-2d alignnone wp-block-kadence-rowlayout\"><div class=\"kt-row-column-wrap kt-has-1-columns kt-row-layout-equal kt-tab-layout-inherit kt-mobile-layout-row kt-row-valign-top\">\n<style>.kadence-column_a63684-49 > .kt-inside-inner-col,.kadence-column_a63684-49 > .kt-inside-inner-col:before{border-top-left-radius:0px;border-top-right-radius:0px;border-bottom-right-radius:0px;border-bottom-left-radius:0px;}.kadence-column_a63684-49 > .kt-inside-inner-col{column-gap:var(--global-kb-gap-sm, 1rem);}.kadence-column_a63684-49 > .kt-inside-inner-col{flex-direction:column;}.kadence-column_a63684-49 > .kt-inside-inner-col > .aligncenter{width:100%;}.kadence-column_a63684-49 > .kt-inside-inner-col:before{opacity:0.3;}.kadence-column_a63684-49{text-align:center;}.kadence-column_a63684-49{position:relative;}.kadence-column_a63684-49, .kt-inside-inner-col > .kadence-column_a63684-49:not(.specificity){margin-right:50px;margin-left:50px;}@media all and (max-width: 1024px){.kadence-column_a63684-49 > .kt-inside-inner-col{flex-direction:column;justify-content:center;}}@media all and (max-width: 767px){.kadence-column_a63684-49 > .kt-inside-inner-col{flex-direction:column;justify-content:center;}}<\/style>\n<div class=\"wp-block-kadence-column kadence-column_a63684-49 kb-section-dir-vertical inner-column-1\"><div class=\"kt-inside-inner-col\"><style>.kadence-form-_0d1fb9-9c .kb-form .kadence-blocks-form-field .kb-forms-submit{color:var(--global-palette9, #ffffff);background:var(--global-palette5, #4A5568);}.kb-form input.kadence-blocks-field.verify{opacity:0.0;position:absolute;top:0.0;left:0.0;width:0.0;height:0.0;z-index:-1;}<\/style>\n<div class=\"wp-block-kadence-form kadence-form-_0d1fb9-9c kb-form-wrap\"><form class=\"kb-form\" action=\"\" method=\"post\" data-trp-original-action=\"\"><div class=\"kadence-blocks-form-field kb-field-desk-width-100 kb-input-size-standard\"><label for=\"kb_field__0d1fb9-9c_0\">Name<span class=\"required\">*<\/span><\/label><input name=\"kb_field_0\" id=\"kb_field__0d1fb9-9c_0\" data-label=\"Nom\" type=\"text\" placeholder=\"\" value=\"\" data-type=\"text\" class=\"kb-field kb-text-style-field kb-text-field kb-field-0\" data-required=\"yes\"\/><\/div><div class=\"kadence-blocks-form-field kb-form-field-1 kb-field-desk-width-100 kb-input-size-standard\"><label for=\"kb_field__0d1fb9-9c_1\">Email<span class=\"required\">*<\/span><\/label><input name=\"kb_field_1\" id=\"kb_field__0d1fb9-9c_1\" data-label=\"Email\" type=\"email\" placeholder=\"\" value=\"\" data-type=\"email\" class=\"kb-field kb-text-style-field kb-email-field kb-field-1\" data-required=\"yes\"\/><\/div><div class=\"kadence-blocks-form-field kb-form-field-2 kb-field-desk-width-100 kb-input-size-standard\"><label for=\"kb_field__0d1fb9-9c_2\">Phone<\/label><input name=\"kb_field_2\" id=\"kb_field__0d1fb9-9c_2\" data-label=\"T\u00e9l\u00e9phone\" type=\"text\" placeholder=\"\" value=\"\" data-type=\"text\" class=\"kb-field kb-text-style-field kb-text-field kb-field-2\"\/><\/div><div class=\"kadence-blocks-form-field kb-form-field-3 kb-field-desk-width-100 kb-input-size-standard\"><label for=\"kb_field__0d1fb9-9c_3\">Message<span class=\"required\">*<\/span><\/label><textarea name=\"kb_field_3\" id=\"kb_field__0d1fb9-9c_3\" data-label=\"Message\" type=\"textarea\" placeholder=\"\" data-type=\"textarea\" class=\"kb-field kb-text-style-field kb-textarea-field kb-field-3\" rows=\"4\" data-required=\"yes\"><\/textarea><\/div><input type=\"hidden\" name=\"_kb_form_id\" value=\"_0d1fb9-9c\"\/><input type=\"hidden\" name=\"_kb_form_post_id\" value=\"13\"\/><input type=\"hidden\" name=\"action\" value=\"kb_process_ajax_submit\"\/><div class=\"kadence-blocks-form-field google-recaptcha-checkout-wrap\"><p id=\"kb-container-g-recaptcha\" class=\"google-recaptcha-container\"><span id=\"kb_recaptcha__0d1fb9-9c\" class=\"kadence-blocks-g-recaptcha-v2 g-recaptcha kb_recaptcha__0d1fb9-9c\" style=\"display:inline-block\"><\/span><\/p><\/div><label class=\"kadence-verify-label\">Email<input class=\"kadence-blocks-field verify\" type=\"text\" name=\"_kb_verify_email\" autocomplete=\"new-password\" aria-hidden=\"true\" placeholder=\"Email\" tabindex=\"-1\" data-1p-ignore=\"true\" data-lpignore=\"true\" \/><\/label><div class=\"kadence-blocks-form-field kb-submit-field kb-field-desk-width-100\"><button class=\"kb-forms-submit button kb-button-size-standard kb-button-width-auto\">Send<\/button><\/div><input type=\"hidden\" name=\"trp-form-language\" value=\"en\"\/><\/form><\/div>\n<noscript><div class=\"kadence-blocks-form-message kadence-blocks-form-warning\">Please enable JavaScript in your browser to submit the form<\/div><style>.kadence-form-_0d1fb9-9c .kadence-blocks-form-field.kb-submit-field { display: none; }<\/style><\/noscript><\/div><\/div>\n\n<\/div><\/div>","protected":false},"excerpt":{"rendered":"<p>CONTACTEZ-NOUS ! N\u2019h\u00e9sitez pas \u00e0 prendre contact avec nous &amp; \u00e0 nous exposer vos besoins et votre projet. Nous vous recontacterons au plus vite pour en discuter, par mail ou de vive voix selon votre pr\u00e9f\u00e9rence ! Vous pouvez \u00e9galement nous joindre directement sur hello@agencej.com<\/p>","protected":false},"author":1,"featured_media":0,"parent":0,"menu_order":0,"comment_status":"closed","ping_status":"closed","template":"","meta":{"_kadence_starter_templates_imported_post":false,"_kad_post_transparent":"","_kad_post_title":"hide","_kad_post_layout":"fullwidth","_kad_post_sidebar_id":"","_kad_post_content_style":"unboxed","_kad_post_vertical_padding":"hide","_kad_post_feature":"","_kad_post_feature_position":"","_kad_post_header":false,"_kad_post_footer":false,"footnotes":""},"class_list":["post-13","page","type-page","status-publish","hentry"],"_links":{"self":[{"href":"https:\/\/agencej.com\/en\/wp-json\/wp\/v2\/pages\/13","targetHints":{"allow":["GET"]}}],"collection":[{"href":"https:\/\/agencej.com\/en\/wp-json\/wp\/v2\/pages"}],"about":[{"href":"https:\/\/agencej.com\/en\/wp-json\/wp\/v2\/types\/page"}],"author":[{"embeddable":true,"href":"https:\/\/agencej.com\/en\/wp-json\/wp\/v2\/users\/1"}],"replies":[{"embeddable":true,"href":"https:\/\/agencej.com\/en\/wp-json\/wp\/v2\/comments?post=13"}],"version-history":[{"count":25,"href":"https:\/\/agencej.com\/en\/wp-json\/wp\/v2\/pages\/13\/revisions"}],"predecessor-version":[{"id":474,"href":"https:\/\/agencej.com\/en\/wp-json\/wp\/v2\/pages\/13\/revisions\/474"}],"wp:attachment":[{"href":"https:\/\/agencej.com\/en\/wp-json\/wp\/v2\/media?parent=13"}],"curies":[{"name":"wp","href":"https:\/\/api.w.org\/{rel}","templated":true}]}}